{"id":55,"date":"2026-02-16T22:37:09","date_gmt":"2026-02-16T21:37:09","guid":{"rendered":"https:\/\/hydrofix-wroclaw.com\/?page_id=55"},"modified":"2026-02-16T22:44:00","modified_gmt":"2026-02-16T21:44:00","slug":"55-2","status":"publish","type":"page","link":"https:\/\/hydrofix-wroclaw.com\/?page_id=55","title":{"rendered":"Najcz\u0119\u015bciej zadawane pytania"},"content":{"rendered":"\n\n\n<h3>Czy dzia\u0142acie 24h?<\/h3>\n<p>Tak. Pogotowie hydrauliczne dzia\u0142a 24 godziny na dob\u0119, r\u00f3wnie\u017c w weekendy i \u015bwi\u0119ta.<\/p>\n\n<h3>Jak szybko mo\u017cecie dojecha\u0107?<\/h3>\n<p>Zwykle 30\u201360 minut na terenie Wroc\u0142awia, w zale\u017cno\u015bci od lokalizacji i nat\u0119\u017cenia zg\u0142osze\u0144.<\/p>\n\n<h3>Czy wystawiacie faktury VAT?<\/h3>\n<p>Tak, wystawiamy faktury VAT dla klient\u00f3w indywidualnych oraz firm.<\/p>\n\n<h3>Jakie us\u0142ugi wykonujecie?<\/h3>\n<p>Naprawy awarii, udra\u017cnianie kanalizacji, monta\u017c armatury, naprawa wyciek\u00f3w, wymiany instalacji.<\/p>\n\n<h3>Czy podajecie wycen\u0119 przed rozpocz\u0119ciem prac?<\/h3>\n<p>Tak, informujemy o kosztach przed rozpocz\u0119ciem realizacji us\u0142ugi.<\/p>\n<\/section>\n\n\n\n<p><\/p>\n","protected":false},"excerpt":{"rendered":"<p>Czy dzia\u0142acie 24h? Tak. Pogotowie hydrauliczne dzia\u0142a 24 godziny na dob\u0119, r\u00f3wnie\u017c w weekendy i \u015bwi\u0119ta. Jak szybko mo\u017cecie dojecha\u0107? [&hellip;]<\/p>\n","protected":false},"author":1,"featured_media":0,"parent":0,"menu_order":0,"comment_status":"closed","ping_status":"closed","template":"","meta":{"site-sidebar-layout":"default","site-content-layout":"","ast-site-content-layout":"default","site-content-style":"default","site-sidebar-style":"default","ast-global-header-display":"","ast-banner-title-visibility":"","ast-main-header-display":"","ast-hfb-above-header-display":"","ast-hfb-below-header-display":"","ast-hfb-mobile-header-display":"","site-post-title":"","ast-breadcrumbs-content":"","ast-featured-img":"","footer-sml-layout":"","ast-disable-related-posts":"","theme-transparent-header-meta":"","adv-header-id-meta":"","stick-header-meta":"","header-above-stick-meta":"","header-main-stick-meta":"","header-below-stick-meta":"","astra-migrate-meta-layouts":"default","ast-page-background-enabled":"default","ast-page-background-meta":{"desktop":{"background-color":"var(--ast-global-color-5)","background-image":"","background-repeat":"repeat","background-position":"center center","background-size":"auto","background-attachment":"scroll","background-type":"","background-media":"","overlay-type":"","overlay-color":"","overlay-opacity":"","overlay-gradient":""},"tablet":{"background-color":"","background-image":"","background-repeat":"repeat","background-position":"center center","background-size":"auto","background-attachment":"scroll","background-type":"","background-media":"","overlay-type":"","overlay-color":"","overlay-opacity":"","overlay-gradient":""},"mobile":{"background-color":"","background-image":"","background-repeat":"repeat","background-position":"center center","background-size":"auto","background-attachment":"scroll","background-type":"","background-media":"","overlay-type":"","overlay-color":"","overlay-opacity":"","overlay-gradient":""}},"ast-content-background-meta":{"desktop":{"background-color":"var(--ast-global-color-4)","background-image":"","background-repeat":"repeat","background-position":"center center","background-size":"auto","background-attachment":"scroll","background-type":"","background-media":"","overlay-type":"","overlay-color":"","overlay-opacity":"","overlay-gradient":""},"tablet":{"background-color":"var(--ast-global-color-4)","background-image":"","background-repeat":"repeat","background-position":"center center","background-size":"auto","background-attachment":"scroll","background-type":"","background-media":"","overlay-type":"","overlay-color":"","overlay-opacity":"","overlay-gradient":""},"mobile":{"background-color":"var(--ast-global-color-4)","background-image":"","background-repeat":"repeat","background-position":"center center","background-size":"auto","background-attachment":"scroll","background-type":"","background-media":"","overlay-type":"","overlay-color":"","overlay-opacity":"","overlay-gradient":""}},"footnotes":""},"class_list":["post-55","page","type-page","status-publish","hentry"],"_links":{"self":[{"href":"https:\/\/hydrofix-wroclaw.com\/index.php?rest_route=\/wp\/v2\/pages\/55","targetHints":{"allow":["GET"]}}],"collection":[{"href":"https:\/\/hydrofix-wroclaw.com\/index.php?rest_route=\/wp\/v2\/pages"}],"about":[{"href":"https:\/\/hydrofix-wroclaw.com\/index.php?rest_route=\/wp\/v2\/types\/page"}],"author":[{"embeddable":true,"href":"https:\/\/hydrofix-wroclaw.com\/index.php?rest_route=\/wp\/v2\/users\/1"}],"replies":[{"embeddable":true,"href":"https:\/\/hydrofix-wroclaw.com\/index.php?rest_route=%2Fwp%2Fv2%2Fcomments&post=55"}],"version-history":[{"count":3,"href":"https:\/\/hydrofix-wroclaw.com\/index.php?rest_route=\/wp\/v2\/pages\/55\/revisions"}],"predecessor-version":[{"id":60,"href":"https:\/\/hydrofix-wroclaw.com\/index.php?rest_route=\/wp\/v2\/pages\/55\/revisions\/60"}],"wp:attachment":[{"href":"https:\/\/hydrofix-wroclaw.com\/index.php?rest_route=%2Fwp%2Fv2%2Fmedia&parent=55"}],"curies":[{"name":"wp","href":"https:\/\/api.w.org\/{rel}","templated":true}]}}